

{"id":37,"date":"2014-08-01T14:22:58","date_gmt":"2014-08-01T14:22:58","guid":{"rendered":"http:\/\/cluster007.ovh.net\/~fmrfrsuube\/wordpress\/?page_id=37"},"modified":"2023-07-08T13:54:18","modified_gmt":"2023-07-08T12:54:18","slug":"formations-benevoles","status":"publish","type":"page","link":"https:\/\/www.fm2r.fr\/?page_id=37","title":{"rendered":"Formations b\u00e9n\u00e9voles"},"content":{"rendered":"<p>D\u00e9couvrez comment nous rendons la s\u00e9curit\u00e9 routi\u00e8re passionnante d\u00e8s le plus jeune \u00e2ge !<\/p>\n<p>Chez nous, la pr\u00e9vention et l&rsquo;\u00e9ducation au risque routier ne sont pas ennuyeuses, bien au contraire ! Nous intervenons de mani\u00e8re dynamique et captivante aupr\u00e8s des \u00e9l\u00e8ves des classes primaires, en mettant en \u0153uvre l&rsquo;Attestation de Premi\u00e8re \u00c9ducation \u00e0 la Route (APER). Vous savez, ce programme recommand\u00e9 par la circulaire <a href=\"https:\/\/www.education.gouv.fr\/bo\/16\/Hebdo38\/MENE1628272C.htm\">n\u00b02016-153 du 12 octobre 2016<\/a> ? Eh oui, nous le faisons !<\/p>\n<p>Mais notre engagement ne s&rsquo;arr\u00eate pas l\u00e0. Dans les coll\u00e8ges et lyc\u00e9es, nous proposons \u00e9galement des formations pour les ASSR de niveau I, II et III. Nous avons pour objectif de travailler sur plusieurs niveaux pour d\u00e9velopper des comp\u00e9tences essentielles.<\/p>\n<p>Venez d\u00e9couvrir notre approche unique, o\u00f9 l&rsquo;apprentissage rime avec plaisir et o\u00f9 les r\u00e8gles de circulation et de s\u00e9curit\u00e9 deviennent passionnantes. Nous ne nous contentons pas d&rsquo;enseigner des connaissances, nous stimulons aussi les capacit\u00e9s cognitives sup\u00e9rieures de nos \u00e9l\u00e8ves. Anticiper, traiter l&rsquo;information, mener plusieurs actions simultan\u00e9ment&#8230; tout cela fait partie de notre programme !<\/p>\n<p>En rejoignant notre initiative, vos enfants apprendront \u00e9galement l&rsquo;importance du respect envers les autres usagers de la route. Nous leur inculquons les comportements responsables qui font de chaque conducteur un v\u00e9ritable citoyen engag\u00e9.<\/p>\n<p>Ne manquez pas cette occasion unique de transformer l&rsquo;\u00e9ducation routi\u00e8re en une aventure excitante et enrichissante pour vos enfants et adolescents.<\/p>\n","protected":false},"excerpt":{"rendered":"<p>D\u00e9couvrez comment nous rendons la s\u00e9curit\u00e9 routi\u00e8re passionnante d\u00e8s le plus jeune \u00e2ge ! Chez nous, la pr\u00e9vention et l&rsquo;\u00e9ducation au risque routier ne sont pas ennuyeuses, bien au contraire ! Nous intervenons de mani\u00e8re dynamique et captivante aupr\u00e8s des \u00e9l\u00e8ves des classes primaires, en mettant en \u0153uvre l&rsquo;Attestation de Premi\u00e8re \u00c9ducation \u00e0 la Route [&hellip;]<\/p>\n","protected":false},"author":1,"featured_media":0,"parent":25,"menu_order":0,"comment_status":"closed","ping_status":"closed","template":"","meta":{"footnotes":""},"class_list":["post-37","page","type-page","status-publish","hentry"],"_links":{"self":[{"href":"https:\/\/www.fm2r.fr\/index.php?rest_route=\/wp\/v2\/pages\/37","targetHints":{"allow":["GET"]}}],"collection":[{"href":"https:\/\/www.fm2r.fr\/index.php?rest_route=\/wp\/v2\/pages"}],"about":[{"href":"https:\/\/www.fm2r.fr\/index.php?rest_route=\/wp\/v2\/types\/page"}],"author":[{"embeddable":true,"href":"https:\/\/www.fm2r.fr\/index.php?rest_route=\/wp\/v2\/users\/1"}],"replies":[{"embeddable":true,"href":"https:\/\/www.fm2r.fr\/index.php?rest_route=%2Fwp%2Fv2%2Fcomments&post=37"}],"version-history":[{"count":4,"href":"https:\/\/www.fm2r.fr\/index.php?rest_route=\/wp\/v2\/pages\/37\/revisions"}],"predecessor-version":[{"id":2383,"href":"https:\/\/www.fm2r.fr\/index.php?rest_route=\/wp\/v2\/pages\/37\/revisions\/2383"}],"up":[{"embeddable":true,"href":"https:\/\/www.fm2r.fr\/index.php?rest_route=\/wp\/v2\/pages\/25"}],"wp:attachment":[{"href":"https:\/\/www.fm2r.fr\/index.php?rest_route=%2Fwp%2Fv2%2Fmedia&parent=37"}],"curies":[{"name":"wp","href":"https:\/\/api.w.org\/{rel}","templated":true}]}}