

{"id":31,"date":"2014-08-01T14:08:39","date_gmt":"2014-08-01T14:08:39","guid":{"rendered":"http:\/\/cluster007.ovh.net\/~fmrfrsuube\/wordpress\/?page_id=31"},"modified":"2023-07-09T09:40:30","modified_gmt":"2023-07-09T08:40:30","slug":"permis-de-conduire","status":"publish","type":"page","link":"https:\/\/www.fm2r.fr\/?page_id=31","title":{"rendered":"Formations permis de conduire"},"content":{"rendered":"<p>D\u00e9couvrez nos solutions innovantes pour une formation de conducteurs plus compl\u00e8te et attrayante !<\/p>\n<p>Chez nous, la formation des conducteurs ne se limite pas \u00e0 une simple acquisition du permis de conduire. Nous offrons une gamme compl\u00e8te d&rsquo;interventions con\u00e7ues pour r\u00e9pondre aux 15 cat\u00e9gories du permis, en nous appuyant sur les comp\u00e9tences requises selon les normes du REMC et de la Matrice GDE.<\/p>\n<p>Notre approche unique vise \u00e0 d\u00e9velopper non seulement les comp\u00e9tences de conduite, mais aussi \u00e0 encourager chaque conducteur \u00e0 assumer pleinement ses responsabilit\u00e9s citoyennes, juridiques et sociales. Nous croyons en une conduite rationnelle et s\u00e9curis\u00e9e, o\u00f9 chaque conducteur est capable de prendre des d\u00e9cisions \u00e9clair\u00e9es et de faire face aux d\u00e9fis du syst\u00e8me homme-v\u00e9hicule-environnement.<\/p>\n<p>Pour rendre cette exp\u00e9rience encore plus enrichissante, nous proposons des prestations adapt\u00e9es \u00e0 vos besoins. Que ce soit pour renforcer vos effectifs en cas de surcro\u00eet d&rsquo;activit\u00e9 ou pour \u00e9laborer des s\u00e9quences sp\u00e9cifiques (th\u00e9oriques et\/ou pratiques) destin\u00e9es aux \u00e9l\u00e8ves conducteurs et aux enseignants, nous avons tout ce qu&rsquo;il vous faut.<\/p>\n<p>Rejoignez-nous d\u00e8s maintenant et d\u00e9couvrez une approche de formation qui allie savoir-faire technique, responsabilit\u00e9 et autonomie au volant. Parce que la s\u00e9curit\u00e9 routi\u00e8re est l&rsquo;affaire de tous, ensemble, nous fa\u00e7onnons les usagers de demain.<\/p>\n","protected":false},"excerpt":{"rendered":"<p>D\u00e9couvrez nos solutions innovantes pour une formation de conducteurs plus compl\u00e8te et attrayante ! Chez nous, la formation des conducteurs ne se limite pas \u00e0 une simple acquisition du permis de conduire. Nous offrons une gamme compl\u00e8te d&rsquo;interventions con\u00e7ues pour r\u00e9pondre aux 15 cat\u00e9gories du permis, en nous appuyant sur les comp\u00e9tences requises selon les [&hellip;]<\/p>\n","protected":false},"author":1,"featured_media":0,"parent":25,"menu_order":0,"comment_status":"closed","ping_status":"closed","template":"","meta":{"footnotes":""},"class_list":["post-31","page","type-page","status-publish","hentry"],"_links":{"self":[{"href":"https:\/\/www.fm2r.fr\/index.php?rest_route=\/wp\/v2\/pages\/31","targetHints":{"allow":["GET"]}}],"collection":[{"href":"https:\/\/www.fm2r.fr\/index.php?rest_route=\/wp\/v2\/pages"}],"about":[{"href":"https:\/\/www.fm2r.fr\/index.php?rest_route=\/wp\/v2\/types\/page"}],"author":[{"embeddable":true,"href":"https:\/\/www.fm2r.fr\/index.php?rest_route=\/wp\/v2\/users\/1"}],"replies":[{"embeddable":true,"href":"https:\/\/www.fm2r.fr\/index.php?rest_route=%2Fwp%2Fv2%2Fcomments&post=31"}],"version-history":[{"count":9,"href":"https:\/\/www.fm2r.fr\/index.php?rest_route=\/wp\/v2\/pages\/31\/revisions"}],"predecessor-version":[{"id":2390,"href":"https:\/\/www.fm2r.fr\/index.php?rest_route=\/wp\/v2\/pages\/31\/revisions\/2390"}],"up":[{"embeddable":true,"href":"https:\/\/www.fm2r.fr\/index.php?rest_route=\/wp\/v2\/pages\/25"}],"wp:attachment":[{"href":"https:\/\/www.fm2r.fr\/index.php?rest_route=%2Fwp%2Fv2%2Fmedia&parent=31"}],"curies":[{"name":"wp","href":"https:\/\/api.w.org\/{rel}","templated":true}]}}