

{"id":29,"date":"2014-08-01T14:07:22","date_gmt":"2014-08-01T14:07:22","guid":{"rendered":"http:\/\/cluster007.ovh.net\/~fmrfrsuube\/wordpress\/?page_id=29"},"modified":"2023-07-09T09:45:46","modified_gmt":"2023-07-09T08:45:46","slug":"formations-professionnelles","status":"publish","type":"page","link":"https:\/\/www.fm2r.fr\/?page_id=29","title":{"rendered":"Formations professionnelles"},"content":{"rendered":"<p>D\u00e9couvrez nos formations sur mesure pour les professionnels de la route, afin d&rsquo;am\u00e9liorer leurs comp\u00e9tences sp\u00e9cifiques ou globales.<\/p>\n<p>Acqu\u00e9rez des connaissances approfondies sur la r\u00e9glementation routi\u00e8re, les aspects juridiques li\u00e9s \u00e0 votre activit\u00e9, ainsi que les limites psycho-physiologiques \u00e0 prendre en compte.<\/p>\n<p>D\u00e9veloppez des comp\u00e9tences essentielles telles que l&rsquo;utilisation rationnelle et s\u00e9curis\u00e9e des v\u00e9hicules motoris\u00e9s, l&rsquo;\u00e9co-conduite, et bien plus encore.<\/p>\n<p>Apprenez \u00e0 adopter les bonnes attitudes face aux facteurs qui peuvent alt\u00e9rer les comportements sur la route. Nos formations vous aideront \u00e0 prendre en consid\u00e9ration vos projets de vie, vos objectifs de d\u00e9placement, et \u00e0 travailler sur vos attitudes pour am\u00e9liorer la s\u00e9curit\u00e9 et la pr\u00e9vention. Aspirez \u00e0 atteindre les niveaux sup\u00e9rieurs de la matrice GDE.<\/p>\n<p>Nous sommes \u00e9galement sp\u00e9cialis\u00e9s dans la formation des acteurs de la s\u00e9curit\u00e9 routi\u00e8re, tels que les enseignants de la conduite automobile, moto et poids lourd. Nous proposons des formations dans le cadre du Titre professionnel Enseignement de la Conduite et de la S\u00e9curit\u00e9 Routi\u00e8re (ex BEPECASER), ainsi que ses mentions sp\u00e9cifiques (tronc commun, 2 roues et groupe lourd). Nous assurons \u00e9galement les mises \u00e0 jour obligatoires pour les exploitants d&rsquo;auto-\u00e9coles, ainsi que les formations initiales et continues pour les exploitants et animateurs de stages de sensibilisation.<\/p>\n<p>Pour r\u00e9pondre aux besoins sp\u00e9cifiques des entreprises, nous concevons des programmes de formation enti\u00e8rement personnalis\u00e9s. Contactez-nous d\u00e8s maintenant pour toutes vos questions et pour obtenir davantage d&rsquo;informations.<\/p>\n","protected":false},"excerpt":{"rendered":"<p>D\u00e9couvrez nos formations sur mesure pour les professionnels de la route, afin d&rsquo;am\u00e9liorer leurs comp\u00e9tences sp\u00e9cifiques ou globales. Acqu\u00e9rez des connaissances approfondies sur la r\u00e9glementation routi\u00e8re, les aspects juridiques li\u00e9s \u00e0 votre activit\u00e9, ainsi que les limites psycho-physiologiques \u00e0 prendre en compte. D\u00e9veloppez des comp\u00e9tences essentielles telles que l&rsquo;utilisation rationnelle et s\u00e9curis\u00e9e des v\u00e9hicules motoris\u00e9s, [&hellip;]<\/p>\n","protected":false},"author":1,"featured_media":5,"parent":25,"menu_order":0,"comment_status":"closed","ping_status":"closed","template":"","meta":{"footnotes":""},"class_list":["post-29","page","type-page","status-publish","has-post-thumbnail","hentry"],"_links":{"self":[{"href":"https:\/\/www.fm2r.fr\/index.php?rest_route=\/wp\/v2\/pages\/29","targetHints":{"allow":["GET"]}}],"collection":[{"href":"https:\/\/www.fm2r.fr\/index.php?rest_route=\/wp\/v2\/pages"}],"about":[{"href":"https:\/\/www.fm2r.fr\/index.php?rest_route=\/wp\/v2\/types\/page"}],"author":[{"embeddable":true,"href":"https:\/\/www.fm2r.fr\/index.php?rest_route=\/wp\/v2\/users\/1"}],"replies":[{"embeddable":true,"href":"https:\/\/www.fm2r.fr\/index.php?rest_route=%2Fwp%2Fv2%2Fcomments&post=29"}],"version-history":[{"count":7,"href":"https:\/\/www.fm2r.fr\/index.php?rest_route=\/wp\/v2\/pages\/29\/revisions"}],"predecessor-version":[{"id":2393,"href":"https:\/\/www.fm2r.fr\/index.php?rest_route=\/wp\/v2\/pages\/29\/revisions\/2393"}],"up":[{"embeddable":true,"href":"https:\/\/www.fm2r.fr\/index.php?rest_route=\/wp\/v2\/pages\/25"}],"wp:featuredmedia":[{"embeddable":true,"href":"https:\/\/www.fm2r.fr\/index.php?rest_route=\/wp\/v2\/media\/5"}],"wp:attachment":[{"href":"https:\/\/www.fm2r.fr\/index.php?rest_route=%2Fwp%2Fv2%2Fmedia&parent=29"}],"curies":[{"name":"wp","href":"https:\/\/api.w.org\/{rel}","templated":true}]}}