

{"id":2,"date":"2014-07-31T16:05:31","date_gmt":"2014-07-31T16:05:31","guid":{"rendered":"http:\/\/cluster007.ovh.net\/~fmrfrsuube\/wordpress\/?page_id=2"},"modified":"2023-07-09T09:49:30","modified_gmt":"2023-07-09T08:49:30","slug":"sample-page","status":"publish","type":"page","link":"https:\/\/www.fm2r.fr\/","title":{"rendered":"A propos"},"content":{"rendered":"<p>Nous sommes ravis de vous accueillir sur nos toutes nouvelles pages web, o\u00f9 nous mettons \u00e0 votre disposition une mine d&rsquo;informations utiles concernant nos prestations. Gr\u00e2ce \u00e0 Internet, nous vous offrons un acc\u00e8s facile et rapide \u00e0 tout ce dont vous avez besoin.<\/p>\n<p>Notre domaine d&rsquo;action est \u00e9troitement li\u00e9 \u00e0 la S\u00e9curit\u00e9 Routi\u00e8re, et nous intervenons en entreprise pour sensibiliser et former les conducteurs de toutes les cat\u00e9gories. En suivant le principe du Continuum Educatif, nous nous engageons \u00e0 vous offrir des solutions compl\u00e8tes et \u00e9volutives.<\/p>\n<p>Parmi nos services, nous proposons :<\/p>\n<p>&#8211; Formation pour toutes les cat\u00e9gories de conducteurs : Que vous soyez un conducteur d\u00e9butant ou exp\u00e9riment\u00e9, nous avons des programmes adapt\u00e9s pour r\u00e9pondre \u00e0 vos besoins sp\u00e9cifiques.<\/p>\n<p>&#8211; Formation et pr\u00e9paration des enseignants de la conduite : Nous offrons des cours de qualit\u00e9 pour les enseignants actuels et futurs, tels que le Titre Professionnel ECSR ( VL et mentions 2 Roues et Groupe Lourd). Notre objectif est de former des enseignants comp\u00e9tents et qualifi\u00e9s.<\/p>\n<p>&#8211; Formation des Formateurs d&rsquo;enseignants de la conduite et de la s\u00e9curit\u00e9 routi\u00e8re : Nous sommes sp\u00e9cialis\u00e9s dans la formation des formateurs, afin de garantir la transmission de connaissances de haut niveau et de meilleures pratiques.<\/p>\n<p>&#8211; Animation de stages de sensibilisation \u00e0 la s\u00e9curit\u00e9 routi\u00e8re : Que ce soit pour r\u00e9cup\u00e9rer des points de permis, compl\u00e9ter des peines ou simplement prendre conscience des enjeux de la s\u00e9curit\u00e9 routi\u00e8re, nos stages vous offrent des exp\u00e9riences enrichissantes.<\/p>\n<p>&#8211; Interventions en capacit\u00e9 de gestion d&rsquo;auto-\u00e9cole : Si vous g\u00e9rez une auto-\u00e9cole, nous proposons des formations de r\u00e9actualisation des connaissances pour les exploitants. Nous offrons \u00e9galement des formations \u00ab\u00a0GTA\u00a0\u00bb pour les centres de sensibilisation \u00e0 la s\u00e9curit\u00e9 routi\u00e8re.<\/p>\n<p>Nous mettons tout en \u0153uvre pour rendre votre exp\u00e9rience agr\u00e9able et enrichissante. Explorez nos pages web pour d\u00e9couvrir en d\u00e9tail nos services et contactez-nous pour toute demande d&rsquo;information suppl\u00e9mentaire. Nous sommes l\u00e0 pour vous aider \u00e0 atteindre vos objectifs en mati\u00e8re de s\u00e9curit\u00e9 routi\u00e8re.<\/p>\n","protected":false},"excerpt":{"rendered":"<p>Nous sommes ravis de vous accueillir sur nos toutes nouvelles pages web, o\u00f9 nous mettons \u00e0 votre disposition une mine d&rsquo;informations utiles concernant nos prestations. Gr\u00e2ce \u00e0 Internet, nous vous offrons un acc\u00e8s facile et rapide \u00e0 tout ce dont vous avez besoin. Notre domaine d&rsquo;action est \u00e9troitement li\u00e9 \u00e0 la S\u00e9curit\u00e9 Routi\u00e8re, et nous [&hellip;]<\/p>\n","protected":false},"author":1,"featured_media":20,"parent":0,"menu_order":0,"comment_status":"closed","ping_status":"closed","template":"page-templates\/custom_home.php","meta":{"footnotes":""},"class_list":["post-2","page","type-page","status-publish","has-post-thumbnail","hentry"],"_links":{"self":[{"href":"https:\/\/www.fm2r.fr\/index.php?rest_route=\/wp\/v2\/pages\/2","targetHints":{"allow":["GET"]}}],"collection":[{"href":"https:\/\/www.fm2r.fr\/index.php?rest_route=\/wp\/v2\/pages"}],"about":[{"href":"https:\/\/www.fm2r.fr\/index.php?rest_route=\/wp\/v2\/types\/page"}],"author":[{"embeddable":true,"href":"https:\/\/www.fm2r.fr\/index.php?rest_route=\/wp\/v2\/users\/1"}],"replies":[{"embeddable":true,"href":"https:\/\/www.fm2r.fr\/index.php?rest_route=%2Fwp%2Fv2%2Fcomments&post=2"}],"version-history":[{"count":6,"href":"https:\/\/www.fm2r.fr\/index.php?rest_route=\/wp\/v2\/pages\/2\/revisions"}],"predecessor-version":[{"id":2395,"href":"https:\/\/www.fm2r.fr\/index.php?rest_route=\/wp\/v2\/pages\/2\/revisions\/2395"}],"wp:featuredmedia":[{"embeddable":true,"href":"https:\/\/www.fm2r.fr\/index.php?rest_route=\/wp\/v2\/media\/20"}],"wp:attachment":[{"href":"https:\/\/www.fm2r.fr\/index.php?rest_route=%2Fwp%2Fv2%2Fmedia&parent=2"}],"curies":[{"name":"wp","href":"https:\/\/api.w.org\/{rel}","templated":true}]}}