

{"id":1573,"date":"2022-04-11T17:35:28","date_gmt":"2022-04-11T16:35:28","guid":{"rendered":"https:\/\/www.fm2r.fr\/?page_id=1573"},"modified":"2026-04-28T09:15:26","modified_gmt":"2026-04-28T08:15:26","slug":"stages-de-recuperation-de-points-sur-st-quentin-02","status":"publish","type":"page","link":"https:\/\/www.fm2r.fr\/?page_id=1573","title":{"rendered":"Stages de R\u00e9cup\u00e9ration de Points sur Saint-Quentin dans l&rsquo;Aisne (02)"},"content":{"rendered":"\n<p>Voici en exclusivit\u00e9 le planning des stages organis\u00e9s \u00e0 St-Quentin pour l&rsquo;ann\u00e9e sous le num\u00e9ro d&rsquo;agr\u00e9ment Pr\u00e9fectoral R17 002 0002 0. Nous sommes aussi agr\u00e9\u00e9s pour les stages de sensibilisation \u00e0 la s\u00e9curit\u00e9 routi\u00e8re impos\u00e9s par la justice \u00e0 titre de peine compl\u00e9mentaire ou d&rsquo;alternative \u00e0 la poursuite (composition p\u00e9nale par exemple).<\/p>\n\n\n\n<p>Le tarif par stage est actuellement&nbsp; \u00e0 200\u20ac ttc pour 2 jours de formation et jusqu&rsquo;\u00e0 4 points en plus sur votre permis de conduire!<\/p>\n\n\n\n<p>Si une date vous int\u00e9resse, pour toute question ou inscription un seul email : contact@fm2r.fr ou par t\u00e9l\u00e9phone : 06.67.00.44.72 (au besoin laissez un message, nous vous rappellerons).<\/p>\n\n\n\n<p>Vous pouvez vous inscrire directement en nous contactant afin d&rsquo;obtenir le dossier d&rsquo;inscription.<\/p>\n\n\n\n<p>Les stages se d\u00e9roulent de de\u00a09h-12h30 \/ 13h30-17h au Centre Aquatique \u00ab\u00a0La Bulle\u00a0\u00bb &#8211; Rue Lamartine, 02100 Saint-Quentin<\/p>\n\n\n\n<p>Un r\u00e8glement en plusieurs fois est possible via Paypal en payant avec votre CB.<\/p>\n\n\n\n<p>L&rsquo;inscription au stage vaut acceptation des <a href=\"https:\/\/www.fm2r.fr\/?page_id=554\">conditions g\u00e9n\u00e9rales de vente.<\/a><br><\/p>\n\n\n\n<p class=\"has-text-align-center has-vivid-red-color has-text-color has-link-color has-medium-font-size wp-elements-87c89abe146b61256cd8c7213525e45b\"><a href=\"https:\/\/www.fm2r.fr\/wordpress\/wp-content\/uploads\/2019\/05\/2014.12.08-Demande-de-remboursement-48N.pdf\"><\/a><strong><strong><a href=\"https:\/\/www.fm2r.fr\/wordpress\/wp-content\/uploads\/2026\/02\/JOE_TEXTE.pdf\">Demande de remboursement de l&rsquo;amende pour les stages jeunes permis (48N).<\/a><\/strong><\/strong><br><br><\/p>\n\n\n\n<p><\/p>\n\n\n\n<p><br><br><strong>DATES 2026 <\/strong><br><br><br><strong><strong>Vendredi 29 et samedi 30mai 2026 \u00e0 St Quentin<\/strong><\/strong><br>N\u00b0 stage : 25R170020002000026<strong><strong><br><\/strong><\/strong><div class=\"wpsc_product\"><div class=\"wp_cart_button_wrapper\"><form method=\"post\" class=\"wp-cart-button-form\" action=\"\" style=\"display:inline\" onsubmit=\"return ReadForm(this, true);\" ><input type=\"hidden\" id=\"_wpnonce\" name=\"_wpnonce\" value=\"8ea9abd162\" \/><input type=\"hidden\" name=\"_wp_http_referer\" value=\"\/index.php?rest_route=%2Fwp%2Fv2%2Fpages%2F1573\" \/><input type=\"submit\" class=\"wspsc_add_cart_submit\" name=\"wspsc_add_cart_submit\" value=\"R\u00e9server ce stage\" \/><input type=\"hidden\" name=\"wspsc_product\" value=\"29 et 30 mai saint quentin\" \/><input type=\"hidden\" name=\"price\" value=\"200\" \/><input type=\"hidden\" name=\"shipping\" value=\"0\" \/><input type=\"hidden\" name=\"addcart\" value=\"1\" \/><input type=\"hidden\" name=\"cartLink\" value=\"https:\/\/www.fm2r.fr\" \/><input type=\"hidden\" name=\"product_tmp\" value=\"29 et 30 mai saint quentin\" \/><input type=\"hidden\" name=\"product_tmp_two\" value=\"29 et 30 mai saint quentin\" \/><input type=\"hidden\" name=\"item_number\" value=\"\" \/><div class=\"wpsc_add_cart_response_div\"><\/div><\/form><\/div><\/div><br><br><strong><strong>Vendredi 26 et samedi 27 juin 2026 \u00e0 St Quentin<\/strong><\/strong><br>N\u00b0 stage : 25R170020002000027<strong><strong><br><\/strong><\/strong><div class=\"wpsc_product\"><div class=\"wp_cart_button_wrapper\"><form method=\"post\" class=\"wp-cart-button-form\" action=\"\" style=\"display:inline\" onsubmit=\"return ReadForm(this, true);\" ><input type=\"hidden\" id=\"_wpnonce\" name=\"_wpnonce\" value=\"8ea9abd162\" \/><input type=\"hidden\" name=\"_wp_http_referer\" value=\"\/index.php?rest_route=%2Fwp%2Fv2%2Fpages%2F1573\" \/><input type=\"submit\" class=\"wspsc_add_cart_submit\" name=\"wspsc_add_cart_submit\" value=\"R\u00e9server ce stage\" \/><input type=\"hidden\" name=\"wspsc_product\" value=\"26 et 27 juin saint quentin\" \/><input type=\"hidden\" name=\"price\" value=\"200\" \/><input type=\"hidden\" name=\"shipping\" value=\"0\" \/><input type=\"hidden\" name=\"addcart\" value=\"1\" \/><input type=\"hidden\" name=\"cartLink\" value=\"https:\/\/www.fm2r.fr\" \/><input type=\"hidden\" name=\"product_tmp\" value=\"26 et 27 juin saint quentin\" \/><input type=\"hidden\" name=\"product_tmp_two\" value=\"26 et 27 juin saint quentin\" \/><input type=\"hidden\" name=\"item_number\" value=\"\" \/><div class=\"wpsc_add_cart_response_div\"><\/div><\/form><\/div><\/div><br><br><br><br>________________________________________________________________________________________________________________<br><br><strong>&nbsp;Le stage vous a plu ? Vous souhaitez laisser un pourboire aux animateurs ?<\/strong><\/p>\n\n\n<div class=\"wp-block-image\">\n<figure class=\"aligncenter\"><a href=\"https:\/\/www.fm2r.fr\/wordpress\/wp-content\/uploads\/2025\/08\/pourboire.jpeg\"><img loading=\"lazy\" decoding=\"async\" width=\"256\" height=\"256\" src=\"https:\/\/www.fm2r.fr\/wordpress\/wp-content\/uploads\/2025\/08\/pourboire.jpeg\" alt=\"\" class=\"wp-image-3555\" srcset=\"https:\/\/www.fm2r.fr\/wordpress\/wp-content\/uploads\/2025\/08\/pourboire.jpeg 256w, https:\/\/www.fm2r.fr\/wordpress\/wp-content\/uploads\/2025\/08\/pourboire-150x150.jpeg 150w, https:\/\/www.fm2r.fr\/wordpress\/wp-content\/uploads\/2025\/08\/pourboire-1x1.jpeg 1w\" sizes=\"auto, (max-width: 256px) 100vw, 256px\" \/><\/a><\/figure>\n<\/div>\n\n\n<p>&nbsp; &nbsp; &nbsp; &nbsp; &nbsp; &nbsp; &nbsp; &nbsp; &nbsp; &nbsp; &nbsp; &nbsp; &nbsp; &nbsp; &nbsp; &nbsp; &nbsp; &nbsp; Cliquez sur le bouton suivant pour leur laisser 5eur ou plus !!!!<br>&nbsp; &nbsp; &nbsp; &nbsp; &nbsp; &nbsp; &nbsp; &nbsp; &nbsp; &nbsp; &nbsp; &nbsp; &nbsp; &nbsp; &nbsp; &nbsp; &nbsp; &nbsp; &nbsp; <div class=\"wpsc_product\"><div class=\"wp_cart_button_wrapper\"><form method=\"post\" class=\"wp-cart-button-form\" action=\"\" style=\"display:inline\" onsubmit=\"return ReadForm(this, true);\" ><input type=\"hidden\" id=\"_wpnonce\" name=\"_wpnonce\" value=\"8ea9abd162\" \/><input type=\"hidden\" name=\"_wp_http_referer\" value=\"\/index.php?rest_route=%2Fwp%2Fv2%2Fpages%2F1573\" \/><input type=\"submit\" class=\"wspsc_add_cart_submit\" name=\"wspsc_add_cart_submit\" value=\"R\u00e9server ce stage\" \/><input type=\"hidden\" name=\"wspsc_product\" value=\"Pourboire animateurs\" \/><input type=\"hidden\" name=\"price\" value=\"5\" \/><input type=\"hidden\" name=\"shipping\" value=\"0\" \/><input type=\"hidden\" name=\"addcart\" value=\"1\" \/><input type=\"hidden\" name=\"cartLink\" value=\"https:\/\/www.fm2r.fr\" \/><input type=\"hidden\" name=\"product_tmp\" value=\"Pourboire animateurs\" \/><input type=\"hidden\" name=\"product_tmp_two\" value=\"Pourboire animateurs\" \/><input type=\"hidden\" name=\"item_number\" value=\"\" \/><div class=\"wpsc_add_cart_response_div\"><\/div><\/form><\/div><\/div><br><br><br><\/p>\n\n\n<div class=\"wpsc_shopping_cart_container\"><\/div>\n\n\n\n<p><\/p>\n\n\n\n<p><\/p>\n","protected":false},"excerpt":{"rendered":"<p>Voici en exclusivit\u00e9 le planning des stages organis\u00e9s \u00e0 St-Quentin pour l&rsquo;ann\u00e9e sous le num\u00e9ro d&rsquo;agr\u00e9ment Pr\u00e9fectoral R17 002 0002 0. Nous sommes aussi agr\u00e9\u00e9s pour les stages de sensibilisation \u00e0 la s\u00e9curit\u00e9 routi\u00e8re impos\u00e9s par la justice \u00e0 titre de peine compl\u00e9mentaire ou d&rsquo;alternative \u00e0 la poursuite (composition p\u00e9nale par exemple). Le tarif par [&hellip;]<\/p>\n","protected":false},"author":1,"featured_media":0,"parent":129,"menu_order":0,"comment_status":"closed","ping_status":"closed","template":"","meta":{"footnotes":""},"class_list":["post-1573","page","type-page","status-publish","hentry"],"_links":{"self":[{"href":"https:\/\/www.fm2r.fr\/index.php?rest_route=\/wp\/v2\/pages\/1573","targetHints":{"allow":["GET"]}}],"collection":[{"href":"https:\/\/www.fm2r.fr\/index.php?rest_route=\/wp\/v2\/pages"}],"about":[{"href":"https:\/\/www.fm2r.fr\/index.php?rest_route=\/wp\/v2\/types\/page"}],"author":[{"embeddable":true,"href":"https:\/\/www.fm2r.fr\/index.php?rest_route=\/wp\/v2\/users\/1"}],"replies":[{"embeddable":true,"href":"https:\/\/www.fm2r.fr\/index.php?rest_route=%2Fwp%2Fv2%2Fcomments&post=1573"}],"version-history":[{"count":103,"href":"https:\/\/www.fm2r.fr\/index.php?rest_route=\/wp\/v2\/pages\/1573\/revisions"}],"predecessor-version":[{"id":4062,"href":"https:\/\/www.fm2r.fr\/index.php?rest_route=\/wp\/v2\/pages\/1573\/revisions\/4062"}],"up":[{"embeddable":true,"href":"https:\/\/www.fm2r.fr\/index.php?rest_route=\/wp\/v2\/pages\/129"}],"wp:attachment":[{"href":"https:\/\/www.fm2r.fr\/index.php?rest_route=%2Fwp%2Fv2%2Fmedia&parent=1573"}],"curies":[{"name":"wp","href":"https:\/\/api.w.org\/{rel}","templated":true}]}}