

{"id":110,"date":"2015-02-02T22:35:46","date_gmt":"2015-02-02T20:35:46","guid":{"rendered":"http:\/\/www.fm2r.fr\/?page_id=110"},"modified":"2026-04-02T11:35:32","modified_gmt":"2026-04-02T10:35:32","slug":"reserver-un-stage","status":"publish","type":"page","link":"https:\/\/www.fm2r.fr\/?page_id=110","title":{"rendered":"Stages de R\u00e9cup\u00e9ration de Points sur Li\u00e9vin (Lens) dans le Pas de Calais (62)"},"content":{"rendered":"<p>Voici en exclusivit\u00e9 le planning des stages organis\u00e9s \u00e0 Lens pour l&rsquo;ann\u00e9e sous le num\u00e9ro d&rsquo;agr\u00e9ment Pr\u00e9fectoral R16 062 0003 0. Nous sommes aussi agr\u00e9\u00e9s pour les stages de sensibilisation \u00e0 la s\u00e9curit\u00e9 routi\u00e8re impos\u00e9s par la justice \u00e0 titre de peine compl\u00e9mentaire ou d&rsquo;alternative \u00e0 la poursuite (composition p\u00e9nale par exemple).<\/p>\n<p>Le tarif par stage d\u00e9marre \u00e0 200 \u20ac ttc pour 2 jours de formation et jusqu&rsquo;\u00e0 4 points en plus sur votre permis de conduire!<\/p>\n<p>Si une date vous int\u00e9resse, pour toute question ou inscription un seul email : contact@fm2r.fr ou par t\u00e9l\u00e9phone : 06.99.26.64.55 (au besoin laissez un message, nous vous rappellerons)<\/p>\n<p>Vous pouvez vous inscrire directement en nous contactant afin d&rsquo;obtenir le dossier d&rsquo;inscription.<\/p>\n<p>Les stages se d\u00e9roulent \u00e0 l&rsquo;Arena Stade Couvert de Li\u00e9vin, Chemin des Manufactures \u00e0 Li\u00e9vin (pr\u00e8s de Lens).<\/p>\n<p>Un r\u00e8glement en plusieurs fois est possible via Paypal en payant avec votre CB.<\/p>\n<p>L&rsquo;inscription au stage vaut acceptation des <a href=\"https:\/\/www.fm2r.fr\/?page_id=554\">conditions g\u00e9n\u00e9rales de vente.<\/a><\/p>\n<p style=\"text-align: center;\"><strong><span style=\"color: #ff0000;\"><a style=\"color: #ff0000;\" href=\"https:\/\/www.fm2r.fr\/wordpress\/wp-content\/uploads\/2026\/02\/JOE_TEXTE.pdf\">Demande de remboursement de l&rsquo;amende pour les stages jeunes permis (48N)<\/a><\/span><\/strong><\/p>\n<p><strong>DATES 2026<\/strong><\/p>\n<p>&nbsp;<\/p>\n<p><strong>Vendredi 22 et Samedi 23 mai \u00e0 Li\u00e9vin<br \/>\u00a0<\/strong>N\u00b0 stage : 25R160620003000012<br \/><div class=\"wpsc_product\"><div class=\"wp_cart_button_wrapper\"><form method=\"post\" class=\"wp-cart-button-form\" action=\"\" style=\"display:inline\" onsubmit=\"return ReadForm(this, true);\" ><input type=\"hidden\" id=\"_wpnonce\" name=\"_wpnonce\" value=\"f65e04b82d\" \/><input type=\"hidden\" name=\"_wp_http_referer\" value=\"\/index.php?rest_route=%2Fwp%2Fv2%2Fpages%2F110\" \/><input type=\"submit\" class=\"wspsc_add_cart_submit\" name=\"wspsc_add_cart_submit\" value=\"R\u00e9server ce stage\" \/><input type=\"hidden\" name=\"wspsc_product\" value=\"22 et 23 mai LIEVIN\" \/><input type=\"hidden\" name=\"price\" value=\"200\" \/><input type=\"hidden\" name=\"shipping\" value=\"0\" \/><input type=\"hidden\" name=\"addcart\" value=\"1\" \/><input type=\"hidden\" name=\"cartLink\" value=\"https:\/\/www.fm2r.fr\" \/><input type=\"hidden\" name=\"product_tmp\" value=\"22 et 23 mai LIEVIN\" \/><input type=\"hidden\" name=\"product_tmp_two\" value=\"22 et 23 mai LIEVIN\" \/><input type=\"hidden\" name=\"item_number\" value=\"\" \/><div class=\"wpsc_add_cart_response_div\"><\/div><\/form><\/div><\/div><\/p>\n<p><strong>Vendredi 12 et Samedi 13 juin \u00e0 Li\u00e9vin<br \/>\u00a0<\/strong>N\u00b0 stage : 25R160620003000013<br \/><div class=\"wpsc_product\"><div class=\"wp_cart_button_wrapper\"><form method=\"post\" class=\"wp-cart-button-form\" action=\"\" style=\"display:inline\" onsubmit=\"return ReadForm(this, true);\" ><input type=\"hidden\" id=\"_wpnonce\" name=\"_wpnonce\" value=\"f65e04b82d\" \/><input type=\"hidden\" name=\"_wp_http_referer\" value=\"\/index.php?rest_route=%2Fwp%2Fv2%2Fpages%2F110\" \/><input type=\"submit\" class=\"wspsc_add_cart_submit\" name=\"wspsc_add_cart_submit\" value=\"R\u00e9server ce stage\" \/><input type=\"hidden\" name=\"wspsc_product\" value=\"12 et 13 juin LIEVIN\" \/><input type=\"hidden\" name=\"price\" value=\"200\" \/><input type=\"hidden\" name=\"shipping\" value=\"0\" \/><input type=\"hidden\" name=\"addcart\" value=\"1\" \/><input type=\"hidden\" name=\"cartLink\" value=\"https:\/\/www.fm2r.fr\" \/><input type=\"hidden\" name=\"product_tmp\" value=\"12 et 13 juin LIEVIN\" \/><input type=\"hidden\" name=\"product_tmp_two\" value=\"12 et 13 juin LIEVIN\" \/><input type=\"hidden\" name=\"item_number\" value=\"\" \/><div class=\"wpsc_add_cart_response_div\"><\/div><\/form><\/div><\/div><\/p>\n<p>________________________________________________________________________________________________<\/p>\n<p><b>\u00a0Le stage vous a plu ? Vous souhaitez laisser un pourboire aux animateurs ?<br \/><a href=\"https:\/\/www.fm2r.fr\/wordpress\/wp-content\/uploads\/2025\/08\/pourboire.jpeg\"><img loading=\"lazy\" decoding=\"async\" class=\"aligncenter size-full wp-image-3555\" src=\"https:\/\/www.fm2r.fr\/wordpress\/wp-content\/uploads\/2025\/08\/pourboire.jpeg\" alt=\"\" width=\"256\" height=\"256\" srcset=\"https:\/\/www.fm2r.fr\/wordpress\/wp-content\/uploads\/2025\/08\/pourboire.jpeg 256w, https:\/\/www.fm2r.fr\/wordpress\/wp-content\/uploads\/2025\/08\/pourboire-150x150.jpeg 150w, https:\/\/www.fm2r.fr\/wordpress\/wp-content\/uploads\/2025\/08\/pourboire-1x1.jpeg 1w\" sizes=\"auto, (max-width: 256px) 100vw, 256px\" \/><\/a><br \/><\/b>\u00a0 \u00a0 \u00a0 \u00a0 \u00a0 \u00a0 \u00a0 \u00a0 \u00a0 \u00a0 \u00a0 \u00a0 \u00a0 \u00a0 \u00a0 \u00a0 \u00a0 \u00a0 Cliquez sur le bouton suivant pour leur laisser 5eur ou plus !!!!<br \/>\u00a0 \u00a0 \u00a0 \u00a0 \u00a0 \u00a0 \u00a0 \u00a0 \u00a0 \u00a0 \u00a0 \u00a0 \u00a0 \u00a0 \u00a0 \u00a0 \u00a0 \u00a0 \u00a0 <div class=\"wpsc_product\"><div class=\"wp_cart_button_wrapper\"><form method=\"post\" class=\"wp-cart-button-form\" action=\"\" style=\"display:inline\" onsubmit=\"return ReadForm(this, true);\" ><input type=\"hidden\" id=\"_wpnonce\" name=\"_wpnonce\" value=\"f65e04b82d\" \/><input type=\"hidden\" name=\"_wp_http_referer\" value=\"\/index.php?rest_route=%2Fwp%2Fv2%2Fpages%2F110\" \/><input type=\"submit\" class=\"wspsc_add_cart_submit\" name=\"wspsc_add_cart_submit\" value=\"R\u00e9server ce stage\" \/><input type=\"hidden\" name=\"wspsc_product\" value=\"Pourboire animateurs\" \/><input type=\"hidden\" name=\"price\" value=\"5\" \/><input type=\"hidden\" name=\"shipping\" value=\"0\" \/><input type=\"hidden\" name=\"addcart\" value=\"1\" \/><input type=\"hidden\" name=\"cartLink\" value=\"https:\/\/www.fm2r.fr\" \/><input type=\"hidden\" name=\"product_tmp\" value=\"Pourboire animateurs\" \/><input type=\"hidden\" name=\"product_tmp_two\" value=\"Pourboire animateurs\" \/><input type=\"hidden\" name=\"item_number\" value=\"\" \/><div class=\"wpsc_add_cart_response_div\"><\/div><\/form><\/div><\/div><\/p>\n\n<div class=\"wpsc_shopping_cart_container\"><\/div>\n","protected":false},"excerpt":{"rendered":"<p>Voici en exclusivit\u00e9 le planning des stages organis\u00e9s \u00e0 Lens pour l&rsquo;ann\u00e9e sous le num\u00e9ro d&rsquo;agr\u00e9ment Pr\u00e9fectoral R16 062 0003 0. Nous sommes aussi agr\u00e9\u00e9s pour les stages de sensibilisation \u00e0 la s\u00e9curit\u00e9 routi\u00e8re impos\u00e9s par la justice \u00e0 titre de peine compl\u00e9mentaire ou d&rsquo;alternative \u00e0 la poursuite (composition p\u00e9nale par exemple). Le tarif par [&hellip;]<\/p>\n","protected":false},"author":1,"featured_media":0,"parent":129,"menu_order":0,"comment_status":"closed","ping_status":"closed","template":"","meta":{"footnotes":""},"class_list":["post-110","page","type-page","status-publish","hentry"],"_links":{"self":[{"href":"https:\/\/www.fm2r.fr\/index.php?rest_route=\/wp\/v2\/pages\/110","targetHints":{"allow":["GET"]}}],"collection":[{"href":"https:\/\/www.fm2r.fr\/index.php?rest_route=\/wp\/v2\/pages"}],"about":[{"href":"https:\/\/www.fm2r.fr\/index.php?rest_route=\/wp\/v2\/types\/page"}],"author":[{"embeddable":true,"href":"https:\/\/www.fm2r.fr\/index.php?rest_route=\/wp\/v2\/users\/1"}],"replies":[{"embeddable":true,"href":"https:\/\/www.fm2r.fr\/index.php?rest_route=%2Fwp%2Fv2%2Fcomments&post=110"}],"version-history":[{"count":243,"href":"https:\/\/www.fm2r.fr\/index.php?rest_route=\/wp\/v2\/pages\/110\/revisions"}],"predecessor-version":[{"id":3999,"href":"https:\/\/www.fm2r.fr\/index.php?rest_route=\/wp\/v2\/pages\/110\/revisions\/3999"}],"up":[{"embeddable":true,"href":"https:\/\/www.fm2r.fr\/index.php?rest_route=\/wp\/v2\/pages\/129"}],"wp:attachment":[{"href":"https:\/\/www.fm2r.fr\/index.php?rest_route=%2Fwp%2Fv2%2Fmedia&parent=110"}],"curies":[{"name":"wp","href":"https:\/\/api.w.org\/{rel}","templated":true}]}}